{"id":4901,"date":"2021-04-30T13:04:04","date_gmt":"2021-04-30T11:04:04","guid":{"rendered":"https:\/\/www.chemin-neuf.ch\/?page_id=4901"},"modified":"2021-05-11T17:50:27","modified_gmt":"2021-05-11T15:50:27","slug":"impressum","status":"publish","type":"page","link":"https:\/\/www.chemin-neuf.ch\/de\/impressum\/","title":{"rendered":"Impressum"},"content":{"rendered":"\n<h4 class=\"wp-block-heading\">Gemeinschaft Chemin Neuf<br>59 mont\u00e9e du Chemin Neuf, 69005 Lyon \u2013 FRANCE<\/h4>\n\n\n\n<h4 class=\"wp-block-heading\"><strong>Redaktionsleiter<\/strong>\u00a0:<\/h4>\n\n\n\n<p>Prisca Horesnyi<\/p>\n\n\n\n<h4 class=\"wp-block-heading\"><strong>Webmaster<\/strong>\u00a0:<\/h4>\n\n\n\n<p>Fr\u00e9d\u00e9ric Bourdeau<\/p>\n\n\n\n<h4 class=\"wp-block-heading\"><strong>Web Entwicklung<\/strong>\u00a0:<\/h4>\n\n\n\n<p>Gemeinschaft Chemin Neuf<\/p>\n\n\n\n<h4 class=\"wp-block-heading\"><strong>Hosting<\/strong>:<\/h4>\n\n\n\n<p>O2Switch<\/p>\n\n\n\n<h4 class=\"wp-block-heading\"><strong>Fotos und Videos<\/strong>\u00a0:<\/h4>\n\n\n\n<p>Fotos und Videos : \u00a9 Gemeinschaft Chemin Neuf,\u00a0<a href=\"https:\/\/pixabay.com\/\" target=\"_blank\" rel=\"noreferrer noopener\">Pixabay<\/a><\/p>\n\n\n\n<h4 class=\"wp-block-heading\">Conditions d\u2019utilisation<\/h4>\n\n\n\n<p>Les droits d\u2019auteur du site sont r\u00e9serv\u00e9s \u00e0 la Communaut\u00e9 du Chemin Neuf. Il est donc prot\u00e9g\u00e9 par les lois internationales sur le droit&nbsp;d\u2019auteur et la protection de la propri\u00e9t\u00e9 intellectuelle. Il est strictement&nbsp;interdit de le reproduire, dans sa forme ou son contenu, totalement ou&nbsp;partiellement, sans un accord \u00e9crit du responsable \u00e9ditorial.<\/p>\n","protected":false},"excerpt":{"rendered":"<p>Gemeinschaft Chemin Neuf59 mont\u00e9e du Chemin Neuf, 69005 Lyon \u2013 FRANCE Redaktionsleiter\u00a0: Prisca Horesnyi Webmaster\u00a0: Fr\u00e9d\u00e9ric Bourdeau Web Entwicklung\u00a0: Gemeinschaft Chemin Neuf Hosting: O2Switch Fotos und Videos\u00a0: Fotos und Videos : \u00a9 Gemeinschaft Chemin Neuf,\u00a0Pixabay Conditions d\u2019utilisation Les droits d\u2019auteur du site sont r\u00e9serv\u00e9s \u00e0 la Communaut\u00e9 du Chemin Neuf. Il est donc prot\u00e9g\u00e9 par [&hellip;]<\/p>\n","protected":false},"author":1,"featured_media":0,"parent":0,"menu_order":10,"comment_status":"closed","ping_status":"closed","template":"","meta":{"_acf_changed":false,"footnotes":""},"class_list":["post-4901","page","type-page","status-publish","hentry"],"acf":[],"yoast_head":"<!-- This site is optimized with the Yoast SEO plugin v27.5 - https:\/\/yoast.com\/product\/yoast-seo-wordpress\/ -->\n<title>Impressum - Chemin Neuf Suisse<\/title>\n<meta name=\"description\" content=\"Gemeinschaft Chemin Neuf59 mont\u00e9e du Chemin Neuf, 69005 Lyon \u2013 FRANCE Redaktionsleiter\u00a0: Prisca Horesnyi Webmaster\u00a0: Fr\u00e9d\u00e9ric Bourdeau Web Entwicklung\u00a0:\" \/>\n<meta name=\"robots\" content=\"index, follow, max-snippet:-1, max-image-preview:large, max-video-preview:-1\" \/>\n<link rel=\"canonical\" href=\"https:\/\/www.chemin-neuf.ch\/de\/impressum\/\" \/>\n<meta property=\"og:locale\" content=\"de_DE\" \/>\n<meta property=\"og:type\" content=\"article\" \/>\n<meta property=\"og:title\" content=\"Impressum - Chemin Neuf Suisse\" \/>\n<meta property=\"og:description\" content=\"Gemeinschaft Chemin Neuf59 mont\u00e9e du Chemin Neuf, 69005 Lyon \u2013 FRANCE Redaktionsleiter\u00a0: Prisca Horesnyi Webmaster\u00a0: Fr\u00e9d\u00e9ric Bourdeau Web Entwicklung\u00a0:\" \/>\n<meta property=\"og:url\" content=\"https:\/\/www.chemin-neuf.ch\/de\/impressum\/\" \/>\n<meta property=\"og:site_name\" content=\"Chemin Neuf Suisse\" \/>\n<meta property=\"article:modified_time\" content=\"2021-05-11T15:50:27+00:00\" \/>\n<meta name=\"twitter:card\" content=\"summary_large_image\" \/>\n<meta name=\"twitter:label1\" content=\"Gesch\u00e4tzte Lesezeit\" \/>\n\t<meta name=\"twitter:data1\" content=\"1\u00a0Minute\" \/>\n<script type=\"application\/ld+json\" class=\"yoast-schema-graph\">{\"@context\":\"https:\\\/\\\/schema.org\",\"@graph\":[{\"@type\":\"WebPage\",\"@id\":\"https:\\\/\\\/www.chemin-neuf.ch\\\/de\\\/impressum\\\/\",\"url\":\"https:\\\/\\\/www.chemin-neuf.ch\\\/de\\\/impressum\\\/\",\"name\":\"Impressum - Chemin Neuf Suisse\",\"isPartOf\":{\"@id\":\"https:\\\/\\\/www.chemin-neuf.ch\\\/de\\\/#website\"},\"datePublished\":\"2021-04-30T11:04:04+00:00\",\"dateModified\":\"2021-05-11T15:50:27+00:00\",\"description\":\"Gemeinschaft Chemin Neuf59 mont\u00e9e du Chemin Neuf, 69005 Lyon \u2013 FRANCE Redaktionsleiter\u00a0: Prisca Horesnyi Webmaster\u00a0: Fr\u00e9d\u00e9ric Bourdeau Web Entwicklung\u00a0:\",\"breadcrumb\":{\"@id\":\"https:\\\/\\\/www.chemin-neuf.ch\\\/de\\\/impressum\\\/#breadcrumb\"},\"inLanguage\":\"de\",\"potentialAction\":[{\"@type\":\"ReadAction\",\"target\":[\"https:\\\/\\\/www.chemin-neuf.ch\\\/de\\\/impressum\\\/\"]}]},{\"@type\":\"BreadcrumbList\",\"@id\":\"https:\\\/\\\/www.chemin-neuf.ch\\\/de\\\/impressum\\\/#breadcrumb\",\"itemListElement\":[{\"@type\":\"ListItem\",\"position\":1,\"name\":\"Home\",\"item\":\"https:\\\/\\\/www.chemin-neuf.ch\\\/de\\\/\"},{\"@type\":\"ListItem\",\"position\":2,\"name\":\"Impressum\"}]},{\"@type\":\"WebSite\",\"@id\":\"https:\\\/\\\/www.chemin-neuf.ch\\\/de\\\/#website\",\"url\":\"https:\\\/\\\/www.chemin-neuf.ch\\\/de\\\/\",\"name\":\"Chemin Neuf Suisse\",\"description\":\"La Communaut\u00e9 du Chemin Neuf en Suisse\",\"potentialAction\":[{\"@type\":\"SearchAction\",\"target\":{\"@type\":\"EntryPoint\",\"urlTemplate\":\"https:\\\/\\\/www.chemin-neuf.ch\\\/de\\\/?s={search_term_string}\"},\"query-input\":{\"@type\":\"PropertyValueSpecification\",\"valueRequired\":true,\"valueName\":\"search_term_string\"}}],\"inLanguage\":\"de\"}]}<\/script>\n<!-- \/ Yoast SEO plugin. -->","yoast_head_json":{"title":"Impressum - Chemin Neuf Suisse","description":"Gemeinschaft Chemin Neuf59 mont\u00e9e du Chemin Neuf, 69005 Lyon \u2013 FRANCE Redaktionsleiter\u00a0: Prisca Horesnyi Webmaster\u00a0: Fr\u00e9d\u00e9ric Bourdeau Web Entwicklung\u00a0:","robots":{"index":"index","follow":"follow","max-snippet":"max-snippet:-1","max-image-preview":"max-image-preview:large","max-video-preview":"max-video-preview:-1"},"canonical":"https:\/\/www.chemin-neuf.ch\/de\/impressum\/","og_locale":"de_DE","og_type":"article","og_title":"Impressum - Chemin Neuf Suisse","og_description":"Gemeinschaft Chemin Neuf59 mont\u00e9e du Chemin Neuf, 69005 Lyon \u2013 FRANCE Redaktionsleiter\u00a0: Prisca Horesnyi Webmaster\u00a0: Fr\u00e9d\u00e9ric Bourdeau Web Entwicklung\u00a0:","og_url":"https:\/\/www.chemin-neuf.ch\/de\/impressum\/","og_site_name":"Chemin Neuf Suisse","article_modified_time":"2021-05-11T15:50:27+00:00","twitter_card":"summary_large_image","twitter_misc":{"Gesch\u00e4tzte Lesezeit":"1\u00a0Minute"},"schema":{"@context":"https:\/\/schema.org","@graph":[{"@type":"WebPage","@id":"https:\/\/www.chemin-neuf.ch\/de\/impressum\/","url":"https:\/\/www.chemin-neuf.ch\/de\/impressum\/","name":"Impressum - Chemin Neuf Suisse","isPartOf":{"@id":"https:\/\/www.chemin-neuf.ch\/de\/#website"},"datePublished":"2021-04-30T11:04:04+00:00","dateModified":"2021-05-11T15:50:27+00:00","description":"Gemeinschaft Chemin Neuf59 mont\u00e9e du Chemin Neuf, 69005 Lyon \u2013 FRANCE Redaktionsleiter\u00a0: Prisca Horesnyi Webmaster\u00a0: Fr\u00e9d\u00e9ric Bourdeau Web Entwicklung\u00a0:","breadcrumb":{"@id":"https:\/\/www.chemin-neuf.ch\/de\/impressum\/#breadcrumb"},"inLanguage":"de","potentialAction":[{"@type":"ReadAction","target":["https:\/\/www.chemin-neuf.ch\/de\/impressum\/"]}]},{"@type":"BreadcrumbList","@id":"https:\/\/www.chemin-neuf.ch\/de\/impressum\/#breadcrumb","itemListElement":[{"@type":"ListItem","position":1,"name":"Home","item":"https:\/\/www.chemin-neuf.ch\/de\/"},{"@type":"ListItem","position":2,"name":"Impressum"}]},{"@type":"WebSite","@id":"https:\/\/www.chemin-neuf.ch\/de\/#website","url":"https:\/\/www.chemin-neuf.ch\/de\/","name":"Chemin Neuf Suisse","description":"La Communaut\u00e9 du Chemin Neuf en Suisse","potentialAction":[{"@type":"SearchAction","target":{"@type":"EntryPoint","urlTemplate":"https:\/\/www.chemin-neuf.ch\/de\/?s={search_term_string}"},"query-input":{"@type":"PropertyValueSpecification","valueRequired":true,"valueName":"search_term_string"}}],"inLanguage":"de"}]}},"_links":{"self":[{"href":"https:\/\/www.chemin-neuf.ch\/de\/wp-json\/wp\/v2\/pages\/4901","targetHints":{"allow":["GET"]}}],"collection":[{"href":"https:\/\/www.chemin-neuf.ch\/de\/wp-json\/wp\/v2\/pages"}],"about":[{"href":"https:\/\/www.chemin-neuf.ch\/de\/wp-json\/wp\/v2\/types\/page"}],"author":[{"embeddable":true,"href":"https:\/\/www.chemin-neuf.ch\/de\/wp-json\/wp\/v2\/users\/1"}],"replies":[{"embeddable":true,"href":"https:\/\/www.chemin-neuf.ch\/de\/wp-json\/wp\/v2\/comments?post=4901"}],"version-history":[{"count":5,"href":"https:\/\/www.chemin-neuf.ch\/de\/wp-json\/wp\/v2\/pages\/4901\/revisions"}],"predecessor-version":[{"id":9575,"href":"https:\/\/www.chemin-neuf.ch\/de\/wp-json\/wp\/v2\/pages\/4901\/revisions\/9575"}],"wp:attachment":[{"href":"https:\/\/www.chemin-neuf.ch\/de\/wp-json\/wp\/v2\/media?parent=4901"}],"curies":[{"name":"wp","href":"https:\/\/api.w.org\/{rel}","templated":true}]}}