{"id":3305,"date":"2021-04-09T15:19:15","date_gmt":"2021-04-09T13:19:15","guid":{"rendered":"https:\/\/next.chemin-neuf.ch\/?page_id=3305"},"modified":"2021-04-24T14:32:35","modified_gmt":"2021-04-24T12:32:35","slug":"der-bund-chemin-neuf","status":"publish","type":"page","link":"https:\/\/www.chemin-neuf.ch\/de\/der-bund-chemin-neuf\/","title":{"rendered":"Der Bund Chemin Neuf"},"content":{"rendered":"\n<h2 class=\"has-text-align-center wp-block-heading\"><strong><strong>Der Bund Chemin Neuf<\/strong><\/strong><\/h2>\n\n\n\n<p class=\"has-large-font-size\">Der Bund Chemin Neuf ist aus den verschiedenen Arbeitsbereichen der Gemeinschaft mit Paaren, Berufst\u00e4tigen, Alleinstehenden u.a. hervorgegangen \u2026 <\/p>\n\n\n\n<div class=\"wp-block-media-text alignwide is-stacked-on-mobile is-image-fill\"><figure class=\"wp-block-media-text__media\" style=\"background-image:url(https:\/\/www.chemin-neuf.ch\/wp-content\/uploads\/2021\/04\/priere-dew-89213_1920-683x1024.jpg);background-position:50% 50%\"><img loading=\"lazy\" decoding=\"async\" width=\"683\" height=\"1024\" src=\"https:\/\/www.chemin-neuf.ch\/wp-content\/uploads\/2021\/04\/priere-dew-89213_1920-683x1024.jpg\" alt=\"\" class=\"wp-image-3247 size-full\" srcset=\"https:\/\/www.chemin-neuf.ch\/wp-content\/uploads\/2021\/04\/priere-dew-89213_1920-683x1024.jpg 683w, https:\/\/www.chemin-neuf.ch\/wp-content\/uploads\/2021\/04\/priere-dew-89213_1920-200x300.jpg 200w, https:\/\/www.chemin-neuf.ch\/wp-content\/uploads\/2021\/04\/priere-dew-89213_1920-768x1152.jpg 768w, https:\/\/www.chemin-neuf.ch\/wp-content\/uploads\/2021\/04\/priere-dew-89213_1920-1024x1536.jpg 1024w, https:\/\/www.chemin-neuf.ch\/wp-content\/uploads\/2021\/04\/priere-dew-89213_1920.jpg 1280w\" sizes=\"auto, (max-width: 683px) 100vw, 683px\" \/><\/figure><div class=\"wp-block-media-text__content\">\n<p class=\"has-drop-cap has-large-font-size\"><strong>Pfingsten 1992<\/strong><\/p>\n\n\n\n<p class=\"has-drop-cap has-large-font-size\"><strong> <\/strong><\/p>\n\n\n\n<p class=\"has-normal-font-size\">Die apostolischen Aufgaben der Gemeinschaft nahmen immer mehr zu, und immer mehr Menschen f\u00fchlten sich in der Spiritualit\u00e4t der Gemeinschaft \u201czu Hause\u201d, ohne dass sie selbst eine Berufung versp\u00fcrten, Mitglied der Gemeinschaft zu werden. Die Gemeinschaft ihrerseits brauchte die Hilfe von nahestehenden Menschen, um ihre verschiedenen wachsenden Aufgaben zu bew\u00e4ltigen. So entstand zu Pfingsten 1992 der Bund Chemin Neuf.<\/p>\n\n\n\n<p class=\"has-normal-font-size\">Der Bund Chemin Neuf ist also ein apostolischer Leib, der sich um die Gemeinschaft herum versammelt und mit ihr ihre ignatianische und charismatische Spiritualit\u00e4t, ihre Missionen und das geschwisterliches Leben teilt.<\/p>\n<\/div><\/div>\n\n\n\n<div class=\"wp-block-media-text alignwide has-media-on-the-right is-stacked-on-mobile is-image-fill\"><figure class=\"wp-block-media-text__media\" style=\"background-image:url(http:\/\/chemin-neuf.fr\/wp-content\/uploads\/2021\/01\/communaut\u00e9-assembl\u00e9e-1024x683.jpeg);background-position:50% 50%\"><img decoding=\"async\" src=\"http:\/\/chemin-neuf.fr\/wp-content\/uploads\/2021\/01\/communaut\u00e9-assembl\u00e9e-1024x683.jpeg\" alt=\"\" class=\"wp-image-4458 size-full\"\/><\/figure><div class=\"wp-block-media-text__content\">\n<div style=\"height:20px\" aria-hidden=\"true\" class=\"wp-block-spacer\"><\/div>\n\n\n\n<p class=\"has-drop-cap has-large-font-size\"><strong>3 S\u00e4ulen<\/strong><\/p>\n\n\n\n<p class=\"has-normal-font-size\">F\u00fcr einen Zeitraum von 2 Jahren, der verl\u00e4ngert werden kann, verpflichten sich die Mitglieder des Bundes zu folgenden Punkten:<br><br>1) T\u00e4gliches PERS\u00d6NLICHES GEBET mit dem Wort Gottes und eine begleitende biblische und geistliche Schulung.<br><br>2) Eine lebendige FRATERNIT\u00c4T mit regelm\u00e4ssigen Treffen (einmal im Monat) mit etwa zehn Mitgliedern, um sich dar\u00fcber auszutauschen, wie der Herr jeden einzelnen in seinem Leben f\u00fchrt, und um sich gegenseitig im Gebet zu unterst\u00fctzen. Au\u00dferdem finden jedes Jahr regionale und bundesweite Treffen des Bundes Chemin Neuf statt.<br><br>3) An der MISSION der Gemeinschaft teilhaben und mitarbeiten.<\/p>\n\n\n\n<div style=\"height:20px\" aria-hidden=\"true\" class=\"wp-block-spacer\"><\/div>\n<\/div><\/div>\n\n\n\n<div class=\"wp-block-media-text alignwide is-stacked-on-mobile is-image-fill\"><figure class=\"wp-block-media-text__media\" style=\"background-image:url(http:\/\/chemin-neuf.fr\/wp-content\/uploads\/2021\/01\/GS-Genevieve-de-Goys-1024x683.jpeg);background-position:50% 50%\"><img decoding=\"async\" src=\"http:\/\/chemin-neuf.fr\/wp-content\/uploads\/2021\/01\/GS-Genevieve-de-Goys-1024x683.jpeg\" alt=\"\" class=\"wp-image-4452 size-full\"\/><\/figure><div class=\"wp-block-media-text__content\">\n<div style=\"height:20px\" aria-hidden=\"true\" class=\"wp-block-spacer\"><\/div>\n\n\n\n<p class=\"has-drop-cap has-large-font-size\"><strong>Ein a<strong>postolischer Leib<\/strong><\/strong><\/p>\n\n\n\n<p class=\"has-normal-font-size\">Im Bund Chemin Neuf kommen \u2013 wie auch in der Gemeinschaft \u2013 Br\u00fcder und Schwestern zusammen, die verschiedenen christlichen Kirchen angeh\u00f6ren: Mitglieder der katholischen Kirche, der orthodoxen Kirchen, der Ostkirchen, der anglikanischen Gemeinschaft, der reformierten, lutherischen, evangelischen, freikirchlichen und pfingstlichen Kirchen \u2026<\/p>\n\n\n\n<p class=\"has-normal-font-size\">Der Bund ist in den meisten L\u00e4ndern, in denen die Gemeinschaft lebt, pr\u00e4sent; etwa 3000 Menschen geh\u00f6ren dazu.<\/p>\n\n\n\n<p class=\"has-normal-font-size\">Ohne das Engagement der Br\u00fcder und Schwestern im Bund Chemin Neuf k\u00f6nnte die Gemeinschaft heute nicht alle ihr anvertrauten Aufgaben bew\u00e4ltigen.<\/p>\n<\/div><\/div>\n","protected":false},"excerpt":{"rendered":"<p>Der Bund Chemin Neuf Der Bund Chemin Neuf ist aus den verschiedenen Arbeitsbereichen der Gemeinschaft mit Paaren, Berufst\u00e4tigen, Alleinstehenden u.a. hervorgegangen \u2026 Pfingsten 1992 Die apostolischen Aufgaben der Gemeinschaft nahmen immer mehr zu, und immer mehr Menschen f\u00fchlten sich in der Spiritualit\u00e4t der Gemeinschaft \u201czu Hause\u201d, ohne dass sie selbst eine Berufung versp\u00fcrten, Mitglied der [&hellip;]<\/p>\n","protected":false},"author":1,"featured_media":3307,"parent":0,"menu_order":4,"comment_status":"closed","ping_status":"closed","template":"","meta":{"_acf_changed":false,"footnotes":""},"class_list":["post-3305","page","type-page","status-publish","has-post-thumbnail","hentry"],"acf":[],"yoast_head":"<!-- This site is optimized with the Yoast SEO plugin v27.5 - https:\/\/yoast.com\/product\/yoast-seo-wordpress\/ -->\n<title>Der Bund Chemin Neuf - Chemin Neuf Suisse<\/title>\n<meta name=\"description\" content=\"Der Bund Chemin Neuf Der Bund Chemin Neuf ist aus den verschiedenen Arbeitsbereichen der Gemeinschaft mit Paaren, Berufst\u00e4tigen, Alleinstehenden u.a.\" \/>\n<meta name=\"robots\" content=\"index, follow, max-snippet:-1, max-image-preview:large, max-video-preview:-1\" \/>\n<link rel=\"canonical\" href=\"https:\/\/www.chemin-neuf.ch\/de\/der-bund-chemin-neuf\/\" \/>\n<meta property=\"og:locale\" content=\"de_DE\" \/>\n<meta property=\"og:type\" content=\"article\" \/>\n<meta property=\"og:title\" content=\"Der Bund Chemin Neuf - Chemin Neuf Suisse\" \/>\n<meta property=\"og:description\" content=\"Der Bund Chemin Neuf Der Bund Chemin Neuf ist aus den verschiedenen Arbeitsbereichen der Gemeinschaft mit Paaren, Berufst\u00e4tigen, Alleinstehenden u.a.\" \/>\n<meta property=\"og:url\" content=\"https:\/\/www.chemin-neuf.ch\/de\/der-bund-chemin-neuf\/\" \/>\n<meta property=\"og:site_name\" content=\"Chemin Neuf Suisse\" \/>\n<meta property=\"article:modified_time\" content=\"2021-04-24T12:32:35+00:00\" \/>\n<meta property=\"og:image\" content=\"https:\/\/www.chemin-neuf.ch\/wp-content\/uploads\/2021\/03\/bougie.jpeg\" \/>\n\t<meta property=\"og:image:width\" content=\"1346\" \/>\n\t<meta property=\"og:image:height\" content=\"897\" \/>\n\t<meta property=\"og:image:type\" content=\"image\/jpeg\" \/>\n<meta name=\"twitter:card\" content=\"summary_large_image\" \/>\n<meta name=\"twitter:label1\" content=\"Gesch\u00e4tzte Lesezeit\" \/>\n\t<meta name=\"twitter:data1\" content=\"2\u00a0Minuten\" \/>\n<script type=\"application\/ld+json\" class=\"yoast-schema-graph\">{\"@context\":\"https:\\\/\\\/schema.org\",\"@graph\":[{\"@type\":\"WebPage\",\"@id\":\"https:\\\/\\\/www.chemin-neuf.ch\\\/de\\\/der-bund-chemin-neuf\\\/\",\"url\":\"https:\\\/\\\/www.chemin-neuf.ch\\\/de\\\/der-bund-chemin-neuf\\\/\",\"name\":\"Der Bund Chemin Neuf - Chemin Neuf Suisse\",\"isPartOf\":{\"@id\":\"https:\\\/\\\/www.chemin-neuf.ch\\\/de\\\/#website\"},\"primaryImageOfPage\":{\"@id\":\"https:\\\/\\\/www.chemin-neuf.ch\\\/de\\\/der-bund-chemin-neuf\\\/#primaryimage\"},\"image\":{\"@id\":\"https:\\\/\\\/www.chemin-neuf.ch\\\/de\\\/der-bund-chemin-neuf\\\/#primaryimage\"},\"thumbnailUrl\":\"https:\\\/\\\/www.chemin-neuf.ch\\\/wp-content\\\/uploads\\\/2021\\\/03\\\/bougie.jpeg\",\"datePublished\":\"2021-04-09T13:19:15+00:00\",\"dateModified\":\"2021-04-24T12:32:35+00:00\",\"description\":\"Der Bund Chemin Neuf Der Bund Chemin Neuf ist aus den verschiedenen Arbeitsbereichen der Gemeinschaft mit Paaren, Berufst\u00e4tigen, Alleinstehenden u.a.\",\"breadcrumb\":{\"@id\":\"https:\\\/\\\/www.chemin-neuf.ch\\\/de\\\/der-bund-chemin-neuf\\\/#breadcrumb\"},\"inLanguage\":\"de\",\"potentialAction\":[{\"@type\":\"ReadAction\",\"target\":[\"https:\\\/\\\/www.chemin-neuf.ch\\\/de\\\/der-bund-chemin-neuf\\\/\"]}]},{\"@type\":\"ImageObject\",\"inLanguage\":\"de\",\"@id\":\"https:\\\/\\\/www.chemin-neuf.ch\\\/de\\\/der-bund-chemin-neuf\\\/#primaryimage\",\"url\":\"https:\\\/\\\/www.chemin-neuf.ch\\\/wp-content\\\/uploads\\\/2021\\\/03\\\/bougie.jpeg\",\"contentUrl\":\"https:\\\/\\\/www.chemin-neuf.ch\\\/wp-content\\\/uploads\\\/2021\\\/03\\\/bougie.jpeg\",\"width\":1346,\"height\":897},{\"@type\":\"BreadcrumbList\",\"@id\":\"https:\\\/\\\/www.chemin-neuf.ch\\\/de\\\/der-bund-chemin-neuf\\\/#breadcrumb\",\"itemListElement\":[{\"@type\":\"ListItem\",\"position\":1,\"name\":\"Home\",\"item\":\"https:\\\/\\\/www.chemin-neuf.ch\\\/de\\\/\"},{\"@type\":\"ListItem\",\"position\":2,\"name\":\"Der Bund Chemin Neuf\"}]},{\"@type\":\"WebSite\",\"@id\":\"https:\\\/\\\/www.chemin-neuf.ch\\\/de\\\/#website\",\"url\":\"https:\\\/\\\/www.chemin-neuf.ch\\\/de\\\/\",\"name\":\"Chemin Neuf Suisse\",\"description\":\"La Communaut\u00e9 du Chemin Neuf en Suisse\",\"potentialAction\":[{\"@type\":\"SearchAction\",\"target\":{\"@type\":\"EntryPoint\",\"urlTemplate\":\"https:\\\/\\\/www.chemin-neuf.ch\\\/de\\\/?s={search_term_string}\"},\"query-input\":{\"@type\":\"PropertyValueSpecification\",\"valueRequired\":true,\"valueName\":\"search_term_string\"}}],\"inLanguage\":\"de\"}]}<\/script>\n<!-- \/ Yoast SEO plugin. -->","yoast_head_json":{"title":"Der Bund Chemin Neuf - Chemin Neuf Suisse","description":"Der Bund Chemin Neuf Der Bund Chemin Neuf ist aus den verschiedenen Arbeitsbereichen der Gemeinschaft mit Paaren, Berufst\u00e4tigen, Alleinstehenden u.a.","robots":{"index":"index","follow":"follow","max-snippet":"max-snippet:-1","max-image-preview":"max-image-preview:large","max-video-preview":"max-video-preview:-1"},"canonical":"https:\/\/www.chemin-neuf.ch\/de\/der-bund-chemin-neuf\/","og_locale":"de_DE","og_type":"article","og_title":"Der Bund Chemin Neuf - Chemin Neuf Suisse","og_description":"Der Bund Chemin Neuf Der Bund Chemin Neuf ist aus den verschiedenen Arbeitsbereichen der Gemeinschaft mit Paaren, Berufst\u00e4tigen, Alleinstehenden u.a.","og_url":"https:\/\/www.chemin-neuf.ch\/de\/der-bund-chemin-neuf\/","og_site_name":"Chemin Neuf Suisse","article_modified_time":"2021-04-24T12:32:35+00:00","og_image":[{"width":1346,"height":897,"url":"https:\/\/www.chemin-neuf.ch\/wp-content\/uploads\/2021\/03\/bougie.jpeg","type":"image\/jpeg"}],"twitter_card":"summary_large_image","twitter_misc":{"Gesch\u00e4tzte Lesezeit":"2\u00a0Minuten"},"schema":{"@context":"https:\/\/schema.org","@graph":[{"@type":"WebPage","@id":"https:\/\/www.chemin-neuf.ch\/de\/der-bund-chemin-neuf\/","url":"https:\/\/www.chemin-neuf.ch\/de\/der-bund-chemin-neuf\/","name":"Der Bund Chemin Neuf - Chemin Neuf Suisse","isPartOf":{"@id":"https:\/\/www.chemin-neuf.ch\/de\/#website"},"primaryImageOfPage":{"@id":"https:\/\/www.chemin-neuf.ch\/de\/der-bund-chemin-neuf\/#primaryimage"},"image":{"@id":"https:\/\/www.chemin-neuf.ch\/de\/der-bund-chemin-neuf\/#primaryimage"},"thumbnailUrl":"https:\/\/www.chemin-neuf.ch\/wp-content\/uploads\/2021\/03\/bougie.jpeg","datePublished":"2021-04-09T13:19:15+00:00","dateModified":"2021-04-24T12:32:35+00:00","description":"Der Bund Chemin Neuf Der Bund Chemin Neuf ist aus den verschiedenen Arbeitsbereichen der Gemeinschaft mit Paaren, Berufst\u00e4tigen, Alleinstehenden u.a.","breadcrumb":{"@id":"https:\/\/www.chemin-neuf.ch\/de\/der-bund-chemin-neuf\/#breadcrumb"},"inLanguage":"de","potentialAction":[{"@type":"ReadAction","target":["https:\/\/www.chemin-neuf.ch\/de\/der-bund-chemin-neuf\/"]}]},{"@type":"ImageObject","inLanguage":"de","@id":"https:\/\/www.chemin-neuf.ch\/de\/der-bund-chemin-neuf\/#primaryimage","url":"https:\/\/www.chemin-neuf.ch\/wp-content\/uploads\/2021\/03\/bougie.jpeg","contentUrl":"https:\/\/www.chemin-neuf.ch\/wp-content\/uploads\/2021\/03\/bougie.jpeg","width":1346,"height":897},{"@type":"BreadcrumbList","@id":"https:\/\/www.chemin-neuf.ch\/de\/der-bund-chemin-neuf\/#breadcrumb","itemListElement":[{"@type":"ListItem","position":1,"name":"Home","item":"https:\/\/www.chemin-neuf.ch\/de\/"},{"@type":"ListItem","position":2,"name":"Der Bund Chemin Neuf"}]},{"@type":"WebSite","@id":"https:\/\/www.chemin-neuf.ch\/de\/#website","url":"https:\/\/www.chemin-neuf.ch\/de\/","name":"Chemin Neuf Suisse","description":"La Communaut\u00e9 du Chemin Neuf en Suisse","potentialAction":[{"@type":"SearchAction","target":{"@type":"EntryPoint","urlTemplate":"https:\/\/www.chemin-neuf.ch\/de\/?s={search_term_string}"},"query-input":{"@type":"PropertyValueSpecification","valueRequired":true,"valueName":"search_term_string"}}],"inLanguage":"de"}]}},"_links":{"self":[{"href":"https:\/\/www.chemin-neuf.ch\/de\/wp-json\/wp\/v2\/pages\/3305","targetHints":{"allow":["GET"]}}],"collection":[{"href":"https:\/\/www.chemin-neuf.ch\/de\/wp-json\/wp\/v2\/pages"}],"about":[{"href":"https:\/\/www.chemin-neuf.ch\/de\/wp-json\/wp\/v2\/types\/page"}],"author":[{"embeddable":true,"href":"https:\/\/www.chemin-neuf.ch\/de\/wp-json\/wp\/v2\/users\/1"}],"replies":[{"embeddable":true,"href":"https:\/\/www.chemin-neuf.ch\/de\/wp-json\/wp\/v2\/comments?post=3305"}],"version-history":[{"count":13,"href":"https:\/\/www.chemin-neuf.ch\/de\/wp-json\/wp\/v2\/pages\/3305\/revisions"}],"predecessor-version":[{"id":4571,"href":"https:\/\/www.chemin-neuf.ch\/de\/wp-json\/wp\/v2\/pages\/3305\/revisions\/4571"}],"wp:featuredmedia":[{"embeddable":true,"href":"https:\/\/www.chemin-neuf.ch\/de\/wp-json\/wp\/v2\/media\/3307"}],"wp:attachment":[{"href":"https:\/\/www.chemin-neuf.ch\/de\/wp-json\/wp\/v2\/media?parent=3305"}],"curies":[{"name":"wp","href":"https:\/\/api.w.org\/{rel}","templated":true}]}}